{"id":4780,"date":"2021-05-26T06:15:54","date_gmt":"2021-05-26T06:15:54","guid":{"rendered":"https:\/\/pasolasl.com\/avis-legal\/"},"modified":"2022-02-04T08:42:29","modified_gmt":"2022-02-04T08:42:29","slug":"avis-legal","status":"publish","type":"page","link":"https:\/\/pasolasl.com\/ca\/avis-legal\/","title":{"rendered":"Avis Legal"},"content":{"rendered":"\t\t<div data-elementor-type=\"wp-page\" data-elementor-id=\"4780\" class=\"elementor elementor-4780 elementor-1232\" data-elementor-post-type=\"page\">\n\t\t\t\t\t\t<section class=\"elementor-section elementor-top-section elementor-element elementor-element-fd098d6 elementor-section-boxed elementor-section-height-default elementor-section-height-default\" data-id=\"fd098d6\" data-element_type=\"section\" data-e-type=\"section\" data-settings=\"{&quot;background_background&quot;:&quot;classic&quot;}\">\n\t\t\t\t\t\t<div class=\"elementor-container elementor-column-gap-default\">\n\t\t\t\t\t<div class=\"elementor-column elementor-col-100 elementor-top-column elementor-element elementor-element-368fad0\" data-id=\"368fad0\" data-element_type=\"column\" data-e-type=\"column\">\n\t\t\t<div class=\"elementor-widget-wrap elementor-element-populated\">\n\t\t\t\t\t\t<div class=\"elementor-element elementor-element-1e361ba elementor-widget elementor-widget-text-editor\" data-id=\"1e361ba\" data-element_type=\"widget\" data-e-type=\"widget\" data-widget_type=\"text-editor.default\">\n\t\t\t\t<div class=\"elementor-widget-container\">\n\t\t\t\t\t\t\t\t\t<h1>AV\u00cdS LEGAL<\/h1>\r\nEn compliment de la Llei 34\/2002, d&#8217;11 de juliol, de Serveis de la Societat de la Informaci\u00f3 i de Comer\u00e7 electr\u00f2nic, s&#8217;informa a l&#8217;Usuari que el titular de la p\u00e0gina web www.pasolasl.com es de la societat PA SOL\u00c0, S.L., i les seves dades d&#8217;identificaci\u00f3 s\u00f3n les seg\u00fcents:\r\n<ul>\r\n \t<li>Domicili social: C\/ Barcelona, 28 \u2013 08310 Argentona (Barcelona)<\/li>\r\n \t<li>CIF: B63979710<\/li>\r\n \t<li>Dades del registre: la societat est\u00e0 inscrita al Registre Mercantil de Barcelona, al Tom 37974, foli 217 i full n\u00famero B313612.<\/li>\r\n<\/ul>\r\n<h2>1. Accedir a la p\u00e0gina web<\/h2>\r\nL&#8217;av\u00eds Legal regula l&#8217;acc\u00e9s i \u00fas dels Usuaris a la p\u00e0gina web i t\u00e9 per objecte donar a con\u00e8ixer els serveis de l&#8217;entitat i permetre l&#8217;acc\u00e9s general de tots els usuaris d&#8217;Internet.\r\nL&#8217;acc\u00e9s i\/o \u00fas de la Web atribueix a qui ho realitza la condici\u00f3 d&#8217;Usuari i l&#8217;acceptaci\u00f3, sense reserves de cap classe, de totes i cadascuna de les presents condicions generals, aix\u00ed com d&#8217;aquelles altres particulars que, si s\u2019escau, regeixin la utilitzaci\u00f3 del Portal o dels serveis vinculats al mateix.\r\nL&#8217;usuari ha de llegir atentament l&#8217;Av\u00eds Legal i les Pol\u00edtiques de Privacitat i de Cookies quan es proposi utilitzar la P\u00e0gina Web, ja que PA SOL\u00c0, S.L. es reserva la facultat de realitzar, en qualsevol moment i sense necessitat de cap preav\u00eds, qualsevol modificaci\u00f3 o actualitzaci\u00f3 dels continguts i serveis, de les presents disposicions d&#8217;acc\u00e9s i \u00fas i, en general, de quants elements integrin el disseny i configuraci\u00f3 del seu Web. Si no accepta les condicions d&#8217;acc\u00e9s i \u00fas, li preguem s&#8217;abstingui d&#8217;utilitzar el Web i el seu contingut.\r\n<h2>2. Utilitzaci\u00f3 de la p\u00e0gina web<\/h2>\r\nL&#8217;Usuari es compromet a fer un \u00fas diligent de la P\u00e0gina Web, aix\u00ed com de la informaci\u00f3 relativa als seus serveis, amb total subjecci\u00f3 tant a la normativa aplicable, aix\u00ed com amb la moral i els bons costums generalment acceptats i l&#8217;ordre p\u00fablic, les condicions d&#8217;acc\u00e9s i \u00fas i qualsevol altres condicions establertes a la P\u00e0gina Web.\r\nA m\u00e9s, es compromet a abstenir-se d&#8217;utilitzar qualsevol dels continguts amb finalitats o efectes il\u00b7l\u00edcits, prohibits en el present text, lesius dels drets i interessos de tercers, o que de qualsevol forma puguin malmetre, inutilitzar, sobrecarregar, deteriorar o impedir la normal utilitzaci\u00f3 dels continguts, altres Usuaris o de qualsevol usuari d&#8217;Internet (maquinari i programari).\r\n<h2>3. Funcionament de la p\u00e0gina web<\/h2>\r\nEn cas d&#8217;incompliment de les condicions de l&#8217;Av\u00eds Legal, o les Pol\u00edtiques de Privacitat i Cookies, PA SOL\u00c0, S.L. es reserva el dret a limitar, suspendre i\/o excloure l&#8217;acc\u00e9s a la seva P\u00e0gina Web, adoptant qualsevol mesura t\u00e8cnica necess\u00e0ria al seu respecte. PA SOL\u00c0, S.L. far\u00e0 el possible per mantenir la p\u00e0gina Web en bon funcionament, evitant errors, o b\u00e9 reparant-los i mantenint els continguts actualitzats ara b\u00e9, PA SOL\u00c0, S.L. no garanteix la disponibilitat i continu\u00eftat en l&#8217;acc\u00e9s a la P\u00e0gina Web ni la inexist\u00e8ncia d&#8217;errors en el contingut.\r\n<h2>4. Responsabilitat<\/h2>\r\nL&#8217;Usuari \u00e9s l&#8217;\u00fanic responsable de l&#8217;\u00fas que es pugui fer de qualsevol informaci\u00f3 o mecanisme de la P\u00e0gina Web.\r\nPA SOL\u00c0, S.L. no es far\u00e0 responsable de cap dany al maquinari i\/o programari de l&#8217;Usuari que es derivi de l&#8217;acc\u00e9s i \u00fas de la P\u00e0gina Web. Aix\u00ed mateix, tampoc es responsabilitzar\u00e0 d&#8217;aquests danys i\/o perjudicis que es puguin ocasionar per l&#8217;acc\u00e9s i\/o \u00fas de la informaci\u00f3 de la P\u00e0gina Web, i en concret dels que es puguin produir en sistemes inform\u00e0tics o els provocats per virus \/o atacs inform\u00e0tics, caigudes, interrupcions abs\u00e8ncia o defecte en les comunicacions i\/o Internet.\r\nL&#8217;Usuari ser\u00e0 responsable dels danys i\/o perjudicis que PA SOL\u00c0, S.L. pugui patir com a conseq\u00fc\u00e8ncia de l&#8217;incompliment de qualsevol de les obligacions a les quals queda sotm\u00e8s a trav\u00e9s del present Av\u00eds Legal, la normativa aplicable i Pol\u00edtica de Privacitat i de Cookies.\r\n<h2>5. Pol\u00edtica en mat\u00e8ria de &#8220;Links&#8221; (Web enlla\u00e7ant i enlla\u00e7ada)<\/h2>\r\n<span style=\"text-decoration: underline;\"><em><strong>Web enlla\u00e7ant<\/strong><\/em><\/span>\r\nEls tercers que tinguin la intenci\u00f3 d&#8217;incloure en una p\u00e0gina web un enlla\u00e7 de la present p\u00e0gina web hauran de complir amb la legislaci\u00f3 vigent i no podran allotjar continguts que siguin inapropiats, il\u00b7l\u00edcits, pornogr\u00e0fics, violents, etc.\r\nEn cap cas PA SOL\u00c0, S.L. es fa responsable del contingut de la P\u00e0gina Web, ni promou, garanteix, supervisa ni recomana els continguts d&#8217;aquesta.\r\nSi la Web enlla\u00e7ant incompleix algun dels aspectes anteriors estar\u00e0 obligat a suprimir l&#8217;enlla\u00e7 de manera immediata.\r\n\r\n<span style=\"text-decoration: underline;\"><em><strong>Web enlla\u00e7ada<\/strong><\/em><\/span>\r\npermetin a l&#8217;Usuari accedir-hi. No obstant aix\u00f2, PA SOL\u00c0, S.L. no es fa responsable del contingut d&#8217;aquestes p\u00e0gines web enlla\u00e7ades, sin\u00f3 que ser\u00e0 l&#8217;Usuari l&#8217;encarregat d&#8217;acceptar i comprovar els accessos cada vegada que accedeixi.\r\nAquests enlla\u00e7os o mencions tenen una finalitat que no impliquen el suport, l&#8217; aprovaci\u00f3, comercialitzaci\u00f3 o cap relaci\u00f3 entre la p\u00e0gina i les persones o entitats titulars dels llocs on es trobin.\r\n<h2>6. Propietat Intel\u00b7lectual i Industrial sobre els continguts<\/h2>\r\nPA SOL\u00c0, S.L. o els seus llicenciats, s\u00f3n titulars de tots els drets de propietat intel\u00b7lectual sobre els Continguts de la P\u00e0gina Web, entenent com a tal tots els dissenys, bases de dades, programes d&#8217;ordinadors subjacents (codi font, incl\u00f2s), aix\u00ed com els diferents elements que integren la P\u00e0gina Web (textos, gr\u00e0fics, fotografies, v\u00eddeos, colors, etc.), estructura, ordre, etc. En relaci\u00f3 a les marques i noms comercials (&#8220;signes distintius&#8221;) s\u00f3n titularitat de PA SOL\u00c0, S.L. o els llicenciats.\r\nL&#8217;\u00fas de la P\u00e0gina Web per part de l&#8217;Usuari no suposa la cessi\u00f3 de cap dret de propietat intel\u00b7lectual ni industrial. L&#8217;usuari t\u00e9 totalment prohibit reproduir, copiar, distribuir, posar a disposici\u00f3 o de qualsevol altra forma de comunicar p\u00fablicament, transformar o modificar els Continguts o els Signes distintius, llevat que es compti amb l&#8217;autoritzaci\u00f3 del titular dels corresponents drets o aix\u00f2 resulti legalment perm\u00e8s.\r\n<h2>7. Publicitat<\/h2>\r\nA la p\u00e0gina Web es podran allotjar continguts publicitaris o patrocinats. Els anunciants o patrocinadors s\u00f3n els \u00fanics responsables d&#8217;assegurar-se que el material rem\u00e8s per a la seva inclusi\u00f3 a la Web compleix amb les lleis que en cada cas puguin ser aplicables.\r\nPA SOL\u00c0, S.L. no ser\u00e0 responsable de cap error, inexactitud o irregularitat que puguin contenir els continguts publicitaris o dels patrocinadors.\r\n<h2>8. Legislaci\u00f3 aplicable<\/h2>\r\nL&#8217; Av\u00eds Legal es regir\u00e0 i interpretar\u00e0 de conformitat amb la legislaci\u00f3 espanyola.\r\nPer a la resoluci\u00f3 de qualsevol conflicte que pogu\u00e9s derivar-se de l&#8217;acc\u00e9s al lloc web, se sotmetran als jutjats o tribunals pertinents de conformitat amb la normativa de consumidors i usuaris.\r\n<h2>9. Contacte<\/h2>\r\nPer a qualsevol pregunta o comentari sobre el present av\u00eds legal us podeu posar en contacte amb nosaltres a trav\u00e9s dels tel\u00e8fons 937 971 083 i 664 218 283.\t\t\t\t\t\t\t\t<\/div>\n\t\t\t\t<\/div>\n\t\t\t\t\t<\/div>\n\t\t<\/div>\n\t\t\t\t\t<\/div>\n\t\t<\/section>\n\t\t\t\t<\/div>\n\t\t","protected":false},"excerpt":{"rendered":"<p>AV\u00cdS LEGAL En compliment de la Llei 34\/2002, d&#8217;11 de juliol, de Serveis de la Societat de la Informaci\u00f3 i de Comer\u00e7 electr\u00f2nic, s&#8217;informa a l&#8217;Usuari que el titular de la p\u00e0gina web www.pasolasl.com es de la societat PA SOL\u00c0, S.L., i les seves dades d&#8217;identificaci\u00f3 s\u00f3n les seg\u00fcents: Domicili social: C\/ Barcelona, 28 \u2013 [&hellip;]<\/p>\n","protected":false},"author":1,"featured_media":0,"parent":0,"menu_order":0,"comment_status":"closed","ping_status":"closed","template":"","meta":{"footnotes":""},"class_list":["post-4780","page","type-page","status-publish","hentry"],"yoast_head":"<!-- This site is optimized with the Yoast SEO plugin v27.6 - https:\/\/yoast.com\/product\/yoast-seo-wordpress\/ -->\n<title>Avis Legal - Pa Sol\u00e0<\/title>\n<meta name=\"robots\" content=\"noindex, follow\" \/>\n<meta property=\"og:locale\" content=\"ca_ES\" \/>\n<meta property=\"og:type\" content=\"article\" \/>\n<meta property=\"og:title\" content=\"Avis Legal - Pa Sol\u00e0\" \/>\n<meta property=\"og:description\" content=\"AV\u00cdS LEGAL En compliment de la Llei 34\/2002, d&#8217;11 de juliol, de Serveis de la Societat de la Informaci\u00f3 i de Comer\u00e7 electr\u00f2nic, s&#8217;informa a l&#8217;Usuari que el titular de la p\u00e0gina web www.pasolasl.com es de la societat PA SOL\u00c0, S.L., i les seves dades d&#8217;identificaci\u00f3 s\u00f3n les seg\u00fcents: Domicili social: C\/ Barcelona, 28 \u2013 [&hellip;]\" \/>\n<meta property=\"og:url\" content=\"https:\/\/pasolasl.com\/ca\/avis-legal\/\" \/>\n<meta property=\"og:site_name\" content=\"Pa Sol\u00e0\" \/>\n<meta property=\"article:modified_time\" content=\"2022-02-04T08:42:29+00:00\" \/>\n<meta name=\"twitter:card\" content=\"summary_large_image\" \/>\n<meta name=\"twitter:label1\" content=\"Temps estimat de lectura\" \/>\n\t<meta name=\"twitter:data1\" content=\"6 minuts\" \/>\n<script type=\"application\/ld+json\" class=\"yoast-schema-graph\">{\"@context\":\"https:\\\/\\\/schema.org\",\"@graph\":[{\"@type\":\"WebPage\",\"@id\":\"https:\\\/\\\/pasolasl.com\\\/ca\\\/avis-legal\\\/\",\"url\":\"https:\\\/\\\/pasolasl.com\\\/ca\\\/avis-legal\\\/\",\"name\":\"Avis Legal - Pa Sol\u00e0\",\"isPartOf\":{\"@id\":\"https:\\\/\\\/pasolasl.com\\\/ca\\\/#website\"},\"datePublished\":\"2021-05-26T06:15:54+00:00\",\"dateModified\":\"2022-02-04T08:42:29+00:00\",\"breadcrumb\":{\"@id\":\"https:\\\/\\\/pasolasl.com\\\/ca\\\/avis-legal\\\/#breadcrumb\"},\"inLanguage\":\"ca\",\"potentialAction\":[{\"@type\":\"ReadAction\",\"target\":[\"https:\\\/\\\/pasolasl.com\\\/ca\\\/avis-legal\\\/\"]}]},{\"@type\":\"BreadcrumbList\",\"@id\":\"https:\\\/\\\/pasolasl.com\\\/ca\\\/avis-legal\\\/#breadcrumb\",\"itemListElement\":[{\"@type\":\"ListItem\",\"position\":1,\"name\":\"Home\",\"item\":\"https:\\\/\\\/pasolasl.com\\\/ca\\\/categories\\\/\"},{\"@type\":\"ListItem\",\"position\":2,\"name\":\"Avis Legal\"}]},{\"@type\":\"WebSite\",\"@id\":\"https:\\\/\\\/pasolasl.com\\\/ca\\\/#website\",\"url\":\"https:\\\/\\\/pasolasl.com\\\/ca\\\/\",\"name\":\"Pa Sol\u00e0\",\"description\":\"Forners des de 1615\",\"publisher\":{\"@id\":\"https:\\\/\\\/pasolasl.com\\\/ca\\\/#organization\"},\"potentialAction\":[{\"@type\":\"SearchAction\",\"target\":{\"@type\":\"EntryPoint\",\"urlTemplate\":\"https:\\\/\\\/pasolasl.com\\\/ca\\\/?s={search_term_string}\"},\"query-input\":{\"@type\":\"PropertyValueSpecification\",\"valueRequired\":true,\"valueName\":\"search_term_string\"}}],\"inLanguage\":\"ca\"},{\"@type\":\"Organization\",\"@id\":\"https:\\\/\\\/pasolasl.com\\\/ca\\\/#organization\",\"name\":\"Pa Sol\u00e0\",\"url\":\"https:\\\/\\\/pasolasl.com\\\/ca\\\/\",\"logo\":{\"@type\":\"ImageObject\",\"inLanguage\":\"ca\",\"@id\":\"https:\\\/\\\/pasolasl.com\\\/ca\\\/#\\\/schema\\\/logo\\\/image\\\/\",\"url\":\"https:\\\/\\\/pasolasl.com\\\/wp-content\\\/uploads\\\/2021\\\/05\\\/logo-pasola.png\",\"contentUrl\":\"https:\\\/\\\/pasolasl.com\\\/wp-content\\\/uploads\\\/2021\\\/05\\\/logo-pasola.png\",\"width\":128,\"height\":210,\"caption\":\"Pa Sol\u00e0\"},\"image\":{\"@id\":\"https:\\\/\\\/pasolasl.com\\\/ca\\\/#\\\/schema\\\/logo\\\/image\\\/\"}}]}<\/script>\n<!-- \/ Yoast SEO plugin. -->","yoast_head_json":{"title":"Avis Legal - Pa Sol\u00e0","robots":{"index":"noindex","follow":"follow"},"og_locale":"ca_ES","og_type":"article","og_title":"Avis Legal - Pa Sol\u00e0","og_description":"AV\u00cdS LEGAL En compliment de la Llei 34\/2002, d&#8217;11 de juliol, de Serveis de la Societat de la Informaci\u00f3 i de Comer\u00e7 electr\u00f2nic, s&#8217;informa a l&#8217;Usuari que el titular de la p\u00e0gina web www.pasolasl.com es de la societat PA SOL\u00c0, S.L., i les seves dades d&#8217;identificaci\u00f3 s\u00f3n les seg\u00fcents: Domicili social: C\/ Barcelona, 28 \u2013 [&hellip;]","og_url":"https:\/\/pasolasl.com\/ca\/avis-legal\/","og_site_name":"Pa Sol\u00e0","article_modified_time":"2022-02-04T08:42:29+00:00","twitter_card":"summary_large_image","twitter_misc":{"Temps estimat de lectura":"6 minuts"},"schema":{"@context":"https:\/\/schema.org","@graph":[{"@type":"WebPage","@id":"https:\/\/pasolasl.com\/ca\/avis-legal\/","url":"https:\/\/pasolasl.com\/ca\/avis-legal\/","name":"Avis Legal - Pa Sol\u00e0","isPartOf":{"@id":"https:\/\/pasolasl.com\/ca\/#website"},"datePublished":"2021-05-26T06:15:54+00:00","dateModified":"2022-02-04T08:42:29+00:00","breadcrumb":{"@id":"https:\/\/pasolasl.com\/ca\/avis-legal\/#breadcrumb"},"inLanguage":"ca","potentialAction":[{"@type":"ReadAction","target":["https:\/\/pasolasl.com\/ca\/avis-legal\/"]}]},{"@type":"BreadcrumbList","@id":"https:\/\/pasolasl.com\/ca\/avis-legal\/#breadcrumb","itemListElement":[{"@type":"ListItem","position":1,"name":"Home","item":"https:\/\/pasolasl.com\/ca\/categories\/"},{"@type":"ListItem","position":2,"name":"Avis Legal"}]},{"@type":"WebSite","@id":"https:\/\/pasolasl.com\/ca\/#website","url":"https:\/\/pasolasl.com\/ca\/","name":"Pa Sol\u00e0","description":"Forners des de 1615","publisher":{"@id":"https:\/\/pasolasl.com\/ca\/#organization"},"potentialAction":[{"@type":"SearchAction","target":{"@type":"EntryPoint","urlTemplate":"https:\/\/pasolasl.com\/ca\/?s={search_term_string}"},"query-input":{"@type":"PropertyValueSpecification","valueRequired":true,"valueName":"search_term_string"}}],"inLanguage":"ca"},{"@type":"Organization","@id":"https:\/\/pasolasl.com\/ca\/#organization","name":"Pa Sol\u00e0","url":"https:\/\/pasolasl.com\/ca\/","logo":{"@type":"ImageObject","inLanguage":"ca","@id":"https:\/\/pasolasl.com\/ca\/#\/schema\/logo\/image\/","url":"https:\/\/pasolasl.com\/wp-content\/uploads\/2021\/05\/logo-pasola.png","contentUrl":"https:\/\/pasolasl.com\/wp-content\/uploads\/2021\/05\/logo-pasola.png","width":128,"height":210,"caption":"Pa Sol\u00e0"},"image":{"@id":"https:\/\/pasolasl.com\/ca\/#\/schema\/logo\/image\/"}}]}},"_links":{"self":[{"href":"https:\/\/pasolasl.com\/ca\/wp-json\/wp\/v2\/pages\/4780","targetHints":{"allow":["GET"]}}],"collection":[{"href":"https:\/\/pasolasl.com\/ca\/wp-json\/wp\/v2\/pages"}],"about":[{"href":"https:\/\/pasolasl.com\/ca\/wp-json\/wp\/v2\/types\/page"}],"author":[{"embeddable":true,"href":"https:\/\/pasolasl.com\/ca\/wp-json\/wp\/v2\/users\/1"}],"replies":[{"embeddable":true,"href":"https:\/\/pasolasl.com\/ca\/wp-json\/wp\/v2\/comments?post=4780"}],"version-history":[{"count":0,"href":"https:\/\/pasolasl.com\/ca\/wp-json\/wp\/v2\/pages\/4780\/revisions"}],"wp:attachment":[{"href":"https:\/\/pasolasl.com\/ca\/wp-json\/wp\/v2\/media?parent=4780"}],"curies":[{"name":"wp","href":"https:\/\/api.w.org\/{rel}","templated":true}]}}