{"id":4782,"date":"2021-05-26T06:16:38","date_gmt":"2021-05-26T06:16:38","guid":{"rendered":"https:\/\/pasolasl.com\/politica-de-cookies\/"},"modified":"2022-02-25T12:07:07","modified_gmt":"2022-02-25T12:07:07","slug":"politica-de-cookies","status":"publish","type":"page","link":"https:\/\/pasolasl.com\/ca\/politica-de-cookies\/","title":{"rendered":"Pol\u00edtica de Cookies"},"content":{"rendered":"\t\t<div data-elementor-type=\"wp-page\" data-elementor-id=\"4782\" class=\"elementor elementor-4782 elementor-1236\" data-elementor-post-type=\"page\">\n\t\t\t\t\t\t<section class=\"elementor-section elementor-top-section elementor-element elementor-element-c88e6ae elementor-section-boxed elementor-section-height-default elementor-section-height-default\" data-id=\"c88e6ae\" data-element_type=\"section\" data-e-type=\"section\" data-settings=\"{&quot;background_background&quot;:&quot;classic&quot;}\">\n\t\t\t\t\t\t<div class=\"elementor-container elementor-column-gap-default\">\n\t\t\t\t\t<div class=\"elementor-column elementor-col-100 elementor-top-column elementor-element elementor-element-2c4b9bf\" data-id=\"2c4b9bf\" data-element_type=\"column\" data-e-type=\"column\">\n\t\t\t<div class=\"elementor-widget-wrap elementor-element-populated\">\n\t\t\t\t\t\t<div class=\"elementor-element elementor-element-7c2fd89 elementor-widget elementor-widget-text-editor\" data-id=\"7c2fd89\" data-element_type=\"widget\" data-e-type=\"widget\" data-widget_type=\"text-editor.default\">\n\t\t\t\t<div class=\"elementor-widget-container\">\n\t\t\t\t\t\t\t\t\t<h1>Pol\u00edtica de Cookies<\/h1><p><strong><br \/>1. DADES IDENTIFICATIVES: <\/strong><\/p><p>En compliment de la Llei 34\/2002, d&#8217;11 de juliol, de Serveis de la Societat de la Informaci\u00f3 i de Comer\u00e7 electr\u00f2nic, s&#8217;informa a l&#8217;Usuari que el titular de la p\u00e0gina web www.pasolasl.com \u00e9s de la societat PA SOL\u00c0, S.L., i les seves dades d&#8217;identificaci\u00f3 s\u00f3n les seg\u00fcents:<\/p><ul><li><strong>Domicili social:<\/strong> C\/ Barcelona, 28 \u2013 08310 Argentona (Barcelona)<\/li><li><strong>CIF:<\/strong> B63979710<\/li><li><strong>Dades del registre:<\/strong> la societat est\u00e0 inscrita al Registre Mercantil de Barcelona, al Tom 37974, foli 217 i full n\u00famero B313612.<\/li><\/ul><div>\u00a0<\/div><p><strong>2. USUARIS:<\/strong><\/p><p>La utilitzaci\u00f3 del present portal \u00e9s absolutament volunt\u00e0ria i suposa l&#8217;acceptaci\u00f3 plena per qui accedeix al mateix, en endavant &#8220;Usuari&#8221;, de totes les condicions d&#8217;\u00fas vigents en cada moment que es trobin en aquesta adre\u00e7a. El Prestador es reserva el dret a retirar l&#8217;acc\u00e9s a la present p\u00e0gina web, sense necessitat de previ av\u00eds, a qualsevol Usuari que contravingui el disposat en aquestes condicions d&#8217;\u00fas. L&#8217;Usuari tindr\u00e0 la responsabilitat de llegir atentament les presents condicions. Les esmentades condicions seran d&#8217; aplicaci\u00f3 independentment de les condicions generals de contractaci\u00f3 que en el seu cas resultin d&#8217; obligat compliment.<\/p><p><strong>3. \u00daS DEL PORTAL<\/strong>:<\/p><p>www.pasolasl.com, proporciona l&#8217;acc\u00e9s a multitud d&#8217;informacions, serveis, programes o dades (en endavant, \u00abels continguts\u00bb) a Internet pertanyents al Prestador. L&#8217;Usuari assumeix la responsabilitat de l&#8217;\u00fas del portal. Aquesta responsabilitat s&#8217; est\u00e9n al registre que fos necessari per accedir a determinats serveis o continguts. En aquest registre l&#8217;Usuari ser\u00e0 responsable d&#8217;aportar informaci\u00f3 vera\u00e7 i l\u00edcita. Com a conseq\u00fc\u00e8ncia d&#8217;aquest registre, a l&#8217;Usuari se li pot proporcionar una contrasenya de la qual ser\u00e0 responsable, comprometent-se a fer-ne un \u00fas diligent i confidencial. L&#8217;Usuari es compromet a fer un \u00fas adequat dels continguts i serveis amb car\u00e0cter enunciatiu per\u00f2 no limitatiu, a no emprar-los per a (i) inc\u00f3rrer en activitats il\u00b7l\u00edcites, il\u00b7legals o contr\u00e0ries a la bona fe i a l&#8217;ordre p\u00fablic; (ii) difondre continguts o propaganda de car\u00e0cter racista, xen\u00f2fob, pornogr\u00e0fic-il\u00b7legal, d&#8217;apologia del terrorisme o atemptatori contra els drets humans; (iii) intentar accedir i, si s&#8217;escau, utilitzar els comptes de correu electr\u00f2nic d&#8217;altres usuaris i modificar-lo manipular els seus missatges. El Prestador es reserva el dret de retirar tots aquells comentaris i aportacions que vulnerin el respecte a la dignitat de la persona, que siguin discriminatoris, racistes, que atemptin contra la joventut o la inf\u00e0ncia, l&#8217; ordre o la seguretat p\u00fablica o que, al seu judici, no resultessin adequats per a la seva publicaci\u00f3.<\/p><p><strong>4. COOKIES:<\/strong><\/p><p>El lloc web del Prestador utilitza cookies (petits arxius d&#8217;informaci\u00f3 que el servidor envia a l&#8217;ordinador de qui accedeix a la p\u00e0gina) per dur a terme determinades funcions que s\u00f3n considerades imprescindibles per al correcte funcionament i visualitzaci\u00f3 del lloc.<\/p><p><strong>5. MODIFICACIONS:<\/strong><\/p><p>El Prestador es reserva el dret d&#8217; efectuar sense av\u00eds previ les modificacions que consideri oportunes en el seu portal, sense necessitat de previ av\u00eds.<\/p><p><strong>6. ENLLA\u00c7OS:<\/strong><\/p><p>En cap cas el Prestador assumir\u00e0 cap responsabilitat pels continguts d&#8217; algun enlla\u00e7 pertanyent a un lloc web ali\u00e8, ni garantir\u00e0 la disponibilitat t\u00e8cnica, qualitat, fiabilitat, exactitud, amplitud, veracitat, validesa i constitucionalitat de qualsevol material o informaci\u00f3 continguda en aquest lloc web.<\/p><p><strong>7. DRET D&#8217;EXCLUSI\u00d3:<\/strong><\/p><p>El Prestador es reserva el dret a denegar o retirar l&#8217;acc\u00e9s a portal i\/o els serveis oferts sense necessitat de preav\u00eds, a inst\u00e0ncia pr\u00f2pia o d&#8217;un tercer, a aquells Usuaris que incompleixin el present Av\u00eds Legal i Pol\u00edtica de Privacitat.<\/p><p><strong>8. GENERALITATS:<\/strong><\/p><p>El Prestador perseguir\u00e0 l&#8217; incompliment del present Av\u00eds Legal i Pol\u00edtica de Privacitat aix\u00ed com qualsevol utilitzaci\u00f3 indeguda del seu portal exercint totes les accions civils i penals que li puguin correspondre en dret.<\/p><p><strong>9. MODIFICACI\u00d3 DE LES PRESENTS CONDICIONS I DURADA: <\/strong><\/p><p>El Prestador podr\u00e0 modificar en qualsevol moment les condicions aqu\u00ed determinades, essent degudament publicades com aqu\u00ed apareixen. La vig\u00e8ncia de les esmentades condicions anir\u00e0 en funci\u00f3 de la seva exposici\u00f3 i estaran vigents fins que siguin modificades per altres degudament publicades.<\/p><p><strong>10. LEGISLACI\u00d3 APLICABLE I JURISDICCI\u00d3:<\/strong><\/p><p>La relaci\u00f3 entre el Prestador i l&#8217; Usuari es regir\u00e0 per la normativa espanyola vigent i qualsevol controv\u00e8rsia se sotmetr\u00e0 als Jutjats i Tribunals de la ciutat de Barcelona.<\/p>\t\t\t\t\t\t\t\t<\/div>\n\t\t\t\t<\/div>\n\t\t\t\t\t<\/div>\n\t\t<\/div>\n\t\t\t\t\t<\/div>\n\t\t<\/section>\n\t\t\t\t<\/div>\n\t\t","protected":false},"excerpt":{"rendered":"<p>Pol\u00edtica de Cookies 1. DADES IDENTIFICATIVES: En compliment de la Llei 34\/2002, d&#8217;11 de juliol, de Serveis de la Societat de la Informaci\u00f3 i de Comer\u00e7 electr\u00f2nic, s&#8217;informa a l&#8217;Usuari que el titular de la p\u00e0gina web www.pasolasl.com \u00e9s de la societat PA SOL\u00c0, S.L., i les seves dades d&#8217;identificaci\u00f3 s\u00f3n les seg\u00fcents: Domicili social: [&hellip;]<\/p>\n","protected":false},"author":1,"featured_media":0,"parent":0,"menu_order":0,"comment_status":"closed","ping_status":"closed","template":"","meta":{"footnotes":""},"class_list":["post-4782","page","type-page","status-publish","hentry"],"yoast_head":"<!-- This site is optimized with the Yoast SEO plugin v27.6 - https:\/\/yoast.com\/product\/yoast-seo-wordpress\/ -->\n<title>Pol\u00edtica de Cookies - Pa Sol\u00e0<\/title>\n<meta name=\"robots\" content=\"noindex, follow\" \/>\n<meta property=\"og:locale\" content=\"ca_ES\" \/>\n<meta property=\"og:type\" content=\"article\" \/>\n<meta property=\"og:title\" content=\"Pol\u00edtica de Cookies - Pa Sol\u00e0\" \/>\n<meta property=\"og:description\" content=\"Pol\u00edtica de Cookies 1. DADES IDENTIFICATIVES: En compliment de la Llei 34\/2002, d&#8217;11 de juliol, de Serveis de la Societat de la Informaci\u00f3 i de Comer\u00e7 electr\u00f2nic, s&#8217;informa a l&#8217;Usuari que el titular de la p\u00e0gina web www.pasolasl.com \u00e9s de la societat PA SOL\u00c0, S.L., i les seves dades d&#8217;identificaci\u00f3 s\u00f3n les seg\u00fcents: Domicili social: [&hellip;]\" \/>\n<meta property=\"og:url\" content=\"https:\/\/pasolasl.com\/ca\/politica-de-cookies\/\" \/>\n<meta property=\"og:site_name\" content=\"Pa Sol\u00e0\" \/>\n<meta property=\"article:modified_time\" content=\"2022-02-25T12:07:07+00:00\" \/>\n<meta name=\"twitter:card\" content=\"summary_large_image\" \/>\n<meta name=\"twitter:label1\" content=\"Temps estimat de lectura\" \/>\n\t<meta name=\"twitter:data1\" content=\"4 minuts\" \/>\n<script type=\"application\/ld+json\" class=\"yoast-schema-graph\">{\"@context\":\"https:\\\/\\\/schema.org\",\"@graph\":[{\"@type\":\"WebPage\",\"@id\":\"https:\\\/\\\/pasolasl.com\\\/ca\\\/politica-de-cookies\\\/\",\"url\":\"https:\\\/\\\/pasolasl.com\\\/ca\\\/politica-de-cookies\\\/\",\"name\":\"Pol\u00edtica de Cookies - Pa Sol\u00e0\",\"isPartOf\":{\"@id\":\"https:\\\/\\\/pasolasl.com\\\/ca\\\/#website\"},\"datePublished\":\"2021-05-26T06:16:38+00:00\",\"dateModified\":\"2022-02-25T12:07:07+00:00\",\"breadcrumb\":{\"@id\":\"https:\\\/\\\/pasolasl.com\\\/ca\\\/politica-de-cookies\\\/#breadcrumb\"},\"inLanguage\":\"ca\",\"potentialAction\":[{\"@type\":\"ReadAction\",\"target\":[\"https:\\\/\\\/pasolasl.com\\\/ca\\\/politica-de-cookies\\\/\"]}]},{\"@type\":\"BreadcrumbList\",\"@id\":\"https:\\\/\\\/pasolasl.com\\\/ca\\\/politica-de-cookies\\\/#breadcrumb\",\"itemListElement\":[{\"@type\":\"ListItem\",\"position\":1,\"name\":\"Home\",\"item\":\"https:\\\/\\\/pasolasl.com\\\/ca\\\/categories\\\/\"},{\"@type\":\"ListItem\",\"position\":2,\"name\":\"Pol\u00edtica de Cookies\"}]},{\"@type\":\"WebSite\",\"@id\":\"https:\\\/\\\/pasolasl.com\\\/ca\\\/#website\",\"url\":\"https:\\\/\\\/pasolasl.com\\\/ca\\\/\",\"name\":\"Pa Sol\u00e0\",\"description\":\"Forners des de 1615\",\"publisher\":{\"@id\":\"https:\\\/\\\/pasolasl.com\\\/ca\\\/#organization\"},\"potentialAction\":[{\"@type\":\"SearchAction\",\"target\":{\"@type\":\"EntryPoint\",\"urlTemplate\":\"https:\\\/\\\/pasolasl.com\\\/ca\\\/?s={search_term_string}\"},\"query-input\":{\"@type\":\"PropertyValueSpecification\",\"valueRequired\":true,\"valueName\":\"search_term_string\"}}],\"inLanguage\":\"ca\"},{\"@type\":\"Organization\",\"@id\":\"https:\\\/\\\/pasolasl.com\\\/ca\\\/#organization\",\"name\":\"Pa Sol\u00e0\",\"url\":\"https:\\\/\\\/pasolasl.com\\\/ca\\\/\",\"logo\":{\"@type\":\"ImageObject\",\"inLanguage\":\"ca\",\"@id\":\"https:\\\/\\\/pasolasl.com\\\/ca\\\/#\\\/schema\\\/logo\\\/image\\\/\",\"url\":\"https:\\\/\\\/pasolasl.com\\\/wp-content\\\/uploads\\\/2021\\\/05\\\/logo-pasola.png\",\"contentUrl\":\"https:\\\/\\\/pasolasl.com\\\/wp-content\\\/uploads\\\/2021\\\/05\\\/logo-pasola.png\",\"width\":128,\"height\":210,\"caption\":\"Pa Sol\u00e0\"},\"image\":{\"@id\":\"https:\\\/\\\/pasolasl.com\\\/ca\\\/#\\\/schema\\\/logo\\\/image\\\/\"}}]}<\/script>\n<!-- \/ Yoast SEO plugin. -->","yoast_head_json":{"title":"Pol\u00edtica de Cookies - Pa Sol\u00e0","robots":{"index":"noindex","follow":"follow"},"og_locale":"ca_ES","og_type":"article","og_title":"Pol\u00edtica de Cookies - Pa Sol\u00e0","og_description":"Pol\u00edtica de Cookies 1. DADES IDENTIFICATIVES: En compliment de la Llei 34\/2002, d&#8217;11 de juliol, de Serveis de la Societat de la Informaci\u00f3 i de Comer\u00e7 electr\u00f2nic, s&#8217;informa a l&#8217;Usuari que el titular de la p\u00e0gina web www.pasolasl.com \u00e9s de la societat PA SOL\u00c0, S.L., i les seves dades d&#8217;identificaci\u00f3 s\u00f3n les seg\u00fcents: Domicili social: [&hellip;]","og_url":"https:\/\/pasolasl.com\/ca\/politica-de-cookies\/","og_site_name":"Pa Sol\u00e0","article_modified_time":"2022-02-25T12:07:07+00:00","twitter_card":"summary_large_image","twitter_misc":{"Temps estimat de lectura":"4 minuts"},"schema":{"@context":"https:\/\/schema.org","@graph":[{"@type":"WebPage","@id":"https:\/\/pasolasl.com\/ca\/politica-de-cookies\/","url":"https:\/\/pasolasl.com\/ca\/politica-de-cookies\/","name":"Pol\u00edtica de Cookies - Pa Sol\u00e0","isPartOf":{"@id":"https:\/\/pasolasl.com\/ca\/#website"},"datePublished":"2021-05-26T06:16:38+00:00","dateModified":"2022-02-25T12:07:07+00:00","breadcrumb":{"@id":"https:\/\/pasolasl.com\/ca\/politica-de-cookies\/#breadcrumb"},"inLanguage":"ca","potentialAction":[{"@type":"ReadAction","target":["https:\/\/pasolasl.com\/ca\/politica-de-cookies\/"]}]},{"@type":"BreadcrumbList","@id":"https:\/\/pasolasl.com\/ca\/politica-de-cookies\/#breadcrumb","itemListElement":[{"@type":"ListItem","position":1,"name":"Home","item":"https:\/\/pasolasl.com\/ca\/categories\/"},{"@type":"ListItem","position":2,"name":"Pol\u00edtica de Cookies"}]},{"@type":"WebSite","@id":"https:\/\/pasolasl.com\/ca\/#website","url":"https:\/\/pasolasl.com\/ca\/","name":"Pa Sol\u00e0","description":"Forners des de 1615","publisher":{"@id":"https:\/\/pasolasl.com\/ca\/#organization"},"potentialAction":[{"@type":"SearchAction","target":{"@type":"EntryPoint","urlTemplate":"https:\/\/pasolasl.com\/ca\/?s={search_term_string}"},"query-input":{"@type":"PropertyValueSpecification","valueRequired":true,"valueName":"search_term_string"}}],"inLanguage":"ca"},{"@type":"Organization","@id":"https:\/\/pasolasl.com\/ca\/#organization","name":"Pa Sol\u00e0","url":"https:\/\/pasolasl.com\/ca\/","logo":{"@type":"ImageObject","inLanguage":"ca","@id":"https:\/\/pasolasl.com\/ca\/#\/schema\/logo\/image\/","url":"https:\/\/pasolasl.com\/wp-content\/uploads\/2021\/05\/logo-pasola.png","contentUrl":"https:\/\/pasolasl.com\/wp-content\/uploads\/2021\/05\/logo-pasola.png","width":128,"height":210,"caption":"Pa Sol\u00e0"},"image":{"@id":"https:\/\/pasolasl.com\/ca\/#\/schema\/logo\/image\/"}}]}},"_links":{"self":[{"href":"https:\/\/pasolasl.com\/ca\/wp-json\/wp\/v2\/pages\/4782","targetHints":{"allow":["GET"]}}],"collection":[{"href":"https:\/\/pasolasl.com\/ca\/wp-json\/wp\/v2\/pages"}],"about":[{"href":"https:\/\/pasolasl.com\/ca\/wp-json\/wp\/v2\/types\/page"}],"author":[{"embeddable":true,"href":"https:\/\/pasolasl.com\/ca\/wp-json\/wp\/v2\/users\/1"}],"replies":[{"embeddable":true,"href":"https:\/\/pasolasl.com\/ca\/wp-json\/wp\/v2\/comments?post=4782"}],"version-history":[{"count":0,"href":"https:\/\/pasolasl.com\/ca\/wp-json\/wp\/v2\/pages\/4782\/revisions"}],"wp:attachment":[{"href":"https:\/\/pasolasl.com\/ca\/wp-json\/wp\/v2\/media?parent=4782"}],"curies":[{"name":"wp","href":"https:\/\/api.w.org\/{rel}","templated":true}]}}