{"id":4784,"date":"2021-06-14T11:00:43","date_gmt":"2021-06-14T11:00:43","guid":{"rendered":"https:\/\/pasolasl.com\/politica-de-privacitat\/"},"modified":"2022-02-04T08:54:50","modified_gmt":"2022-02-04T08:54:50","slug":"politica-de-privacitat","status":"publish","type":"page","link":"https:\/\/pasolasl.com\/ca\/politica-de-privacitat\/","title":{"rendered":"Pol\u00edtica de Privacitat"},"content":{"rendered":"\t\t<div data-elementor-type=\"wp-page\" data-elementor-id=\"4784\" class=\"elementor elementor-4784 elementor-2425\" data-elementor-post-type=\"page\">\n\t\t\t\t\t\t<section class=\"elementor-section elementor-top-section elementor-element elementor-element-2bbca91 elementor-section-boxed elementor-section-height-default elementor-section-height-default\" data-id=\"2bbca91\" data-element_type=\"section\" data-e-type=\"section\" data-settings=\"{&quot;background_background&quot;:&quot;classic&quot;}\">\n\t\t\t\t\t\t<div class=\"elementor-container elementor-column-gap-default\">\n\t\t\t\t\t<div class=\"elementor-column elementor-col-100 elementor-top-column elementor-element elementor-element-cea1d51\" data-id=\"cea1d51\" data-element_type=\"column\" data-e-type=\"column\">\n\t\t\t<div class=\"elementor-widget-wrap elementor-element-populated\">\n\t\t\t\t\t\t<div class=\"elementor-element elementor-element-4e7a298 elementor-widget elementor-widget-text-editor\" data-id=\"4e7a298\" data-element_type=\"widget\" data-e-type=\"widget\" data-widget_type=\"text-editor.default\">\n\t\t\t\t<div class=\"elementor-widget-container\">\n\t\t\t\t\t\t\t\t\t<h1>Pol\u00edtica de Privacitat<\/h1>\r\nA trav\u00e9s de la present pol\u00edtica de privacitat PASOL\u00c0, S.L. vol informar a totes les persones que naveguen i accedeixin al lloc web www.pasolasl.com sobre els tractaments de dades personals realitzades.\r\n\r\nDe conformitat amb el Reglament (UE) 2016\/679, de 27 d&#8217;abril de 2016, relatiu a la protecci\u00f3 de les persones f\u00edsiques pel que fa al tractament de dades personals i a la lliure circulaci\u00f3 d&#8217;aquestes dades, aix\u00ed com la Llei Org\u00e0nica 3\/2018, de 5 de desembre, de Protecci\u00f3 de Dades Personals i garantia de drets digitals en qualitat de Responsable del Tractament de les dades personals proporcionades, PA SOL\u00c0, S.L. informa als Usuaris de la seg\u00fcent informaci\u00f3:\r\n<h2>Informaci\u00f3 b\u00e0sica sobre protecci\u00f3 de dades<\/h2>\r\n<span style=\"text-decoration: underline;\"><em><strong>Responsable<\/strong><\/em><\/span>\r\n\r\nPA SOL\u00c0, S.L.\r\nC\/ Barcelona, 28 \u2013 08310 Argentona (Barcelona)\r\nB63979710\r\n\r\n<span style=\"text-decoration: underline;\"><em><strong>Finalitat<\/strong><\/em><\/span>\r\n\r\nGestionar les dades a les quals l&#8217;empresa accedeix com a conseq\u00fc\u00e8ncia de la navegaci\u00f3, consulta i\/o sol\u00b7licitud aix\u00ed com; Mantenir informats els Usuaris de productes i\/o serveis de PA SOL\u00c0, S.L., a trav\u00e9s de correu electr\u00f2nic o mitjans de comunicaci\u00f3 electr\u00f2nica equivalents, sempre que l&#8217;Usuari hagi prestat el seu consentiment expr\u00e9s.\r\n\r\n<span style=\"text-decoration: underline;\"><em><strong>Legitimaci\u00f3<\/strong><\/em><\/span>\r\n\r\nConsentiment de l&#8217; interessat.\r\n\r\n<span style=\"text-decoration: underline;\"><em><strong>Conservaci\u00f3<\/strong><\/em><\/span>\r\n\r\nLes dades no es conservaran m\u00e9s temps del necessari per a les quals han estat recaptades, llevat que existeixi una obligaci\u00f3 legal.\r\nNo obstant aix\u00f2, en cas que l&#8217;usuari nom\u00e9s realitzi una consulta les seves dades no seran utilitzades per cap altre motiu a banda de gestionar la resposta.\r\n\r\n<span style=\"text-decoration: underline;\"><em><strong>Comunicaci\u00f3 de les dades\r\n<\/strong><\/em><\/span>\r\n\r\nNo es comunicaran a altres tercers, excepte obligaci\u00f3 legal o amb el consentiment expr\u00e9s de l&#8217; interessat.\r\n\r\n<span style=\"text-decoration: underline;\"><em><strong>Transfer\u00e8ncies internacionals de dades<\/strong><\/em><\/span>\r\n\r\nNo es realitzen Transfer\u00e8ncies Internacionals de dades a tercers pa\u00efsos fora de la Uni\u00f3 Europea.\r\n\r\n<span style=\"text-decoration: underline;\"><em><strong>Drets<\/strong><\/em><\/span>\r\n\r\nL&#8217; interessat t\u00e9 dret a retirar el consentiment en qualsevol moment. Aix\u00ed mateix, li informem que podr\u00e0 exercir els seus drets d&#8217;acc\u00e9s, rectificaci\u00f3 i supressi\u00f3 (Dret a l&#8217;oblit), limitaci\u00f3 de les dades, portabilitat de les dades i oposici\u00f3, enviant un escrit a C\/ Barcelona, 28 \u2013 08310 Argentona (Barcelona).\r\nAix\u00ed mateix, s&#8217; informa l&#8217; interessat que podr\u00e0 revocar el consentiment de l&#8217; enviament de comunicacions comercials enviant un correu electr\u00f2nic a\u00a0<a href=\"mailto:info@pasolasl.com\">info@pasolasl.com<\/a>.\r\nLa persona interessada pot presentar una reclamaci\u00f3 davant l&#8217;autoritat de control en mat\u00e8ria de protecci\u00f3 de dades competent, que actualment \u00e9s l&#8217;Ag\u00e8ncia Espanyola de Protecci\u00f3 de Dades (AEPD).\r\n\r\nAbans de l&#8217;enviament de qualsevol sol\u00b7licitud d&#8217;informaci\u00f3 a trav\u00e9s del formulari de contacte d&#8217;aquesta p\u00e0gina web, l&#8217;usuari ha d&#8217;acceptar la pol\u00edtica de privacitat i les condicions d&#8217;\u00fas de la mateixa, per tal de prestar el consentiment expr\u00e9s i informat pel tractament de les dades amb les finalitats indicades.\r\n\r\n<h3>\u00bf\u00c9s obligatori proporcionar tota la informaci\u00f3 sol\u00b7licitada en l&#8217;apartat de contacte?<\/h3>\r\nQuant als formularis de l&#8217;apartat &#8220;Contacte&#8221; de la P\u00e0gina Web, l&#8217;Usuari ha d&#8217;emplenar els marcats com a &#8220;obligatoris&#8221;. No completar les dades personals requerides o fer-ho parcialment pot suposar que PA SOL\u00c0, S.L. no pugui atendre les seves sol\u00b7licituds i, en conseq\u00fc\u00e8ncia, PA SOL\u00c0, S.L. quedar\u00e0 exonerada de tota responsabilitat per la no prestaci\u00f3 o la prestaci\u00f3 incompleta dels serveis sol\u00b7licitats.\r\n\r\nLes dades personals que l&#8217;Usuari facilita a PA SOL\u00c0, S.L. han de ser actuals perqu\u00e8 la informaci\u00f3 dels registres estigui actualitzada i sense errors. L&#8217;Usuari respondr\u00e0 de la veracitat de les dades facilitades.\r\n\r\n<h3>\u00bfQuines mesures de seguretat t\u00e9 implantada l&#8217;empresa?<\/h3>\r\nPA SOL\u00c0, S.L. informa que el tractament que realitza de dades personals es realitza en tot moment de conformitat amb la normativa aplicable en mat\u00e8ria de protecci\u00f3 de dades i dels serveis de la societat de la informaci\u00f3.\r\n\r\nEn aquesta l\u00ednia, PA SOL\u00c0, S.L. informa que t\u00e9 implantades les mesures de seguretat d&#8217;\u00edndole t\u00e8cnica i organitzatives necess\u00e0ries que garanteixin la seguretat de les dades de car\u00e0cter personal de l&#8217;Usuari i evitin la seva alteraci\u00f3, p\u00e8rdua, tractament i\/o acc\u00e9s no autoritzat d&#8217;acord amb l&#8217;estat de la tecnologia, la naturalesa de les dades emmagatzemades i els riscos als quals estan exposats,  ja provinguin de l&#8217; acci\u00f3 humana o del medi f\u00edsic o natural.\t\t\t\t\t\t\t\t<\/div>\n\t\t\t\t<\/div>\n\t\t\t\t\t<\/div>\n\t\t<\/div>\n\t\t\t\t\t<\/div>\n\t\t<\/section>\n\t\t\t\t<\/div>\n\t\t","protected":false},"excerpt":{"rendered":"<p>Pol\u00edtica de Privacitat A trav\u00e9s de la present pol\u00edtica de privacitat PASOL\u00c0, S.L. vol informar a totes les persones que naveguen i accedeixin al lloc web www.pasolasl.com sobre els tractaments de dades personals realitzades. De conformitat amb el Reglament (UE) 2016\/679, de 27 d&#8217;abril de 2016, relatiu a la protecci\u00f3 de les persones f\u00edsiques pel [&hellip;]<\/p>\n","protected":false},"author":1,"featured_media":0,"parent":0,"menu_order":0,"comment_status":"closed","ping_status":"closed","template":"","meta":{"footnotes":""},"class_list":["post-4784","page","type-page","status-publish","hentry"],"yoast_head":"<!-- This site is optimized with the Yoast SEO plugin v27.6 - https:\/\/yoast.com\/product\/yoast-seo-wordpress\/ -->\n<title>Pol\u00edtica de Privacitat - Pa Sol\u00e0<\/title>\n<meta name=\"robots\" content=\"noindex, follow\" \/>\n<meta property=\"og:locale\" content=\"ca_ES\" \/>\n<meta property=\"og:type\" content=\"article\" \/>\n<meta property=\"og:title\" content=\"Pol\u00edtica de Privacitat - Pa Sol\u00e0\" \/>\n<meta property=\"og:description\" content=\"Pol\u00edtica de Privacitat A trav\u00e9s de la present pol\u00edtica de privacitat PASOL\u00c0, S.L. vol informar a totes les persones que naveguen i accedeixin al lloc web www.pasolasl.com sobre els tractaments de dades personals realitzades. De conformitat amb el Reglament (UE) 2016\/679, de 27 d&#8217;abril de 2016, relatiu a la protecci\u00f3 de les persones f\u00edsiques pel [&hellip;]\" \/>\n<meta property=\"og:url\" content=\"https:\/\/pasolasl.com\/ca\/politica-de-privacitat\/\" \/>\n<meta property=\"og:site_name\" content=\"Pa Sol\u00e0\" \/>\n<meta property=\"article:modified_time\" content=\"2022-02-04T08:54:50+00:00\" \/>\n<meta name=\"twitter:card\" content=\"summary_large_image\" \/>\n<meta name=\"twitter:label1\" content=\"Temps estimat de lectura\" \/>\n\t<meta name=\"twitter:data1\" content=\"3 minuts\" \/>\n<script type=\"application\/ld+json\" class=\"yoast-schema-graph\">{\"@context\":\"https:\\\/\\\/schema.org\",\"@graph\":[{\"@type\":\"WebPage\",\"@id\":\"https:\\\/\\\/pasolasl.com\\\/ca\\\/politica-de-privacitat\\\/\",\"url\":\"https:\\\/\\\/pasolasl.com\\\/ca\\\/politica-de-privacitat\\\/\",\"name\":\"Pol\u00edtica de Privacitat - Pa Sol\u00e0\",\"isPartOf\":{\"@id\":\"https:\\\/\\\/pasolasl.com\\\/ca\\\/#website\"},\"datePublished\":\"2021-06-14T11:00:43+00:00\",\"dateModified\":\"2022-02-04T08:54:50+00:00\",\"breadcrumb\":{\"@id\":\"https:\\\/\\\/pasolasl.com\\\/ca\\\/politica-de-privacitat\\\/#breadcrumb\"},\"inLanguage\":\"ca\",\"potentialAction\":[{\"@type\":\"ReadAction\",\"target\":[\"https:\\\/\\\/pasolasl.com\\\/ca\\\/politica-de-privacitat\\\/\"]}]},{\"@type\":\"BreadcrumbList\",\"@id\":\"https:\\\/\\\/pasolasl.com\\\/ca\\\/politica-de-privacitat\\\/#breadcrumb\",\"itemListElement\":[{\"@type\":\"ListItem\",\"position\":1,\"name\":\"Home\",\"item\":\"https:\\\/\\\/pasolasl.com\\\/ca\\\/categories\\\/\"},{\"@type\":\"ListItem\",\"position\":2,\"name\":\"Pol\u00edtica de Privacitat\"}]},{\"@type\":\"WebSite\",\"@id\":\"https:\\\/\\\/pasolasl.com\\\/ca\\\/#website\",\"url\":\"https:\\\/\\\/pasolasl.com\\\/ca\\\/\",\"name\":\"Pa Sol\u00e0\",\"description\":\"Forners des de 1615\",\"publisher\":{\"@id\":\"https:\\\/\\\/pasolasl.com\\\/ca\\\/#organization\"},\"potentialAction\":[{\"@type\":\"SearchAction\",\"target\":{\"@type\":\"EntryPoint\",\"urlTemplate\":\"https:\\\/\\\/pasolasl.com\\\/ca\\\/?s={search_term_string}\"},\"query-input\":{\"@type\":\"PropertyValueSpecification\",\"valueRequired\":true,\"valueName\":\"search_term_string\"}}],\"inLanguage\":\"ca\"},{\"@type\":\"Organization\",\"@id\":\"https:\\\/\\\/pasolasl.com\\\/ca\\\/#organization\",\"name\":\"Pa Sol\u00e0\",\"url\":\"https:\\\/\\\/pasolasl.com\\\/ca\\\/\",\"logo\":{\"@type\":\"ImageObject\",\"inLanguage\":\"ca\",\"@id\":\"https:\\\/\\\/pasolasl.com\\\/ca\\\/#\\\/schema\\\/logo\\\/image\\\/\",\"url\":\"https:\\\/\\\/pasolasl.com\\\/wp-content\\\/uploads\\\/2021\\\/05\\\/logo-pasola.png\",\"contentUrl\":\"https:\\\/\\\/pasolasl.com\\\/wp-content\\\/uploads\\\/2021\\\/05\\\/logo-pasola.png\",\"width\":128,\"height\":210,\"caption\":\"Pa Sol\u00e0\"},\"image\":{\"@id\":\"https:\\\/\\\/pasolasl.com\\\/ca\\\/#\\\/schema\\\/logo\\\/image\\\/\"}}]}<\/script>\n<!-- \/ Yoast SEO plugin. -->","yoast_head_json":{"title":"Pol\u00edtica de Privacitat - Pa Sol\u00e0","robots":{"index":"noindex","follow":"follow"},"og_locale":"ca_ES","og_type":"article","og_title":"Pol\u00edtica de Privacitat - Pa Sol\u00e0","og_description":"Pol\u00edtica de Privacitat A trav\u00e9s de la present pol\u00edtica de privacitat PASOL\u00c0, S.L. vol informar a totes les persones que naveguen i accedeixin al lloc web www.pasolasl.com sobre els tractaments de dades personals realitzades. De conformitat amb el Reglament (UE) 2016\/679, de 27 d&#8217;abril de 2016, relatiu a la protecci\u00f3 de les persones f\u00edsiques pel [&hellip;]","og_url":"https:\/\/pasolasl.com\/ca\/politica-de-privacitat\/","og_site_name":"Pa Sol\u00e0","article_modified_time":"2022-02-04T08:54:50+00:00","twitter_card":"summary_large_image","twitter_misc":{"Temps estimat de lectura":"3 minuts"},"schema":{"@context":"https:\/\/schema.org","@graph":[{"@type":"WebPage","@id":"https:\/\/pasolasl.com\/ca\/politica-de-privacitat\/","url":"https:\/\/pasolasl.com\/ca\/politica-de-privacitat\/","name":"Pol\u00edtica de Privacitat - Pa Sol\u00e0","isPartOf":{"@id":"https:\/\/pasolasl.com\/ca\/#website"},"datePublished":"2021-06-14T11:00:43+00:00","dateModified":"2022-02-04T08:54:50+00:00","breadcrumb":{"@id":"https:\/\/pasolasl.com\/ca\/politica-de-privacitat\/#breadcrumb"},"inLanguage":"ca","potentialAction":[{"@type":"ReadAction","target":["https:\/\/pasolasl.com\/ca\/politica-de-privacitat\/"]}]},{"@type":"BreadcrumbList","@id":"https:\/\/pasolasl.com\/ca\/politica-de-privacitat\/#breadcrumb","itemListElement":[{"@type":"ListItem","position":1,"name":"Home","item":"https:\/\/pasolasl.com\/ca\/categories\/"},{"@type":"ListItem","position":2,"name":"Pol\u00edtica de Privacitat"}]},{"@type":"WebSite","@id":"https:\/\/pasolasl.com\/ca\/#website","url":"https:\/\/pasolasl.com\/ca\/","name":"Pa Sol\u00e0","description":"Forners des de 1615","publisher":{"@id":"https:\/\/pasolasl.com\/ca\/#organization"},"potentialAction":[{"@type":"SearchAction","target":{"@type":"EntryPoint","urlTemplate":"https:\/\/pasolasl.com\/ca\/?s={search_term_string}"},"query-input":{"@type":"PropertyValueSpecification","valueRequired":true,"valueName":"search_term_string"}}],"inLanguage":"ca"},{"@type":"Organization","@id":"https:\/\/pasolasl.com\/ca\/#organization","name":"Pa Sol\u00e0","url":"https:\/\/pasolasl.com\/ca\/","logo":{"@type":"ImageObject","inLanguage":"ca","@id":"https:\/\/pasolasl.com\/ca\/#\/schema\/logo\/image\/","url":"https:\/\/pasolasl.com\/wp-content\/uploads\/2021\/05\/logo-pasola.png","contentUrl":"https:\/\/pasolasl.com\/wp-content\/uploads\/2021\/05\/logo-pasola.png","width":128,"height":210,"caption":"Pa Sol\u00e0"},"image":{"@id":"https:\/\/pasolasl.com\/ca\/#\/schema\/logo\/image\/"}}]}},"_links":{"self":[{"href":"https:\/\/pasolasl.com\/ca\/wp-json\/wp\/v2\/pages\/4784","targetHints":{"allow":["GET"]}}],"collection":[{"href":"https:\/\/pasolasl.com\/ca\/wp-json\/wp\/v2\/pages"}],"about":[{"href":"https:\/\/pasolasl.com\/ca\/wp-json\/wp\/v2\/types\/page"}],"author":[{"embeddable":true,"href":"https:\/\/pasolasl.com\/ca\/wp-json\/wp\/v2\/users\/1"}],"replies":[{"embeddable":true,"href":"https:\/\/pasolasl.com\/ca\/wp-json\/wp\/v2\/comments?post=4784"}],"version-history":[{"count":0,"href":"https:\/\/pasolasl.com\/ca\/wp-json\/wp\/v2\/pages\/4784\/revisions"}],"wp:attachment":[{"href":"https:\/\/pasolasl.com\/ca\/wp-json\/wp\/v2\/media?parent=4784"}],"curies":[{"name":"wp","href":"https:\/\/api.w.org\/{rel}","templated":true}]}}